{"id":1418,"date":"2024-08-23T12:36:36","date_gmt":"2024-08-23T10:36:36","guid":{"rendered":"https:\/\/sustainablestories.be\/?page_id=1418"},"modified":"2024-08-27T17:29:46","modified_gmt":"2024-08-27T15:29:46","slug":"home-2","status":"publish","type":"page","link":"https:\/\/staging.sustainablestories.be\/fr\/","title":{"rendered":"Accueil"},"content":{"rendered":"<section class=\"bde-section-1418-100 bde-section\">\n              \n  \n\t    \n      <div class=\"section-background-video\">\n              <video\n          autoplay\n muted\n playsinline\n loop\n>\n        <source src=\"https:\/\/vz-36b32820-6ac.b-cdn.net\/c68b1c02-2a89-4c71-8732-7493cd123679\/play_720p.mp4\" type=\"video\/mp4\" \/>\n      <\/video>\n      <\/div>\n\n\n  <div class=\"section-background-overlay\"><\/div>\n\n\n<div class=\"section-container\"><div class=\"bde-div-1418-110 bde-div\">\n              \n  \n\t\n\n\n\n\n<\/div><div class=\"bde-image-1418-108 bde-image\">\n<figure class=\"breakdance-image breakdance-image--812\">\n\t<div class=\"breakdance-image-container\">\n\t\t<div class=\"breakdance-image-clip\"><img loading=\"lazy\" decoding=\"async\" class=\"breakdance-image-object\" src=\"https:\/\/staging.sustainablestories.be\/wp-content\/uploads\/2024\/08\/logo-wit-sustainable-stories_900.png\" width=\"900\" height=\"425\" srcset=\"https:\/\/staging.sustainablestories.be\/wp-content\/uploads\/2024\/08\/logo-wit-sustainable-stories_900.png 900w, https:\/\/staging.sustainablestories.be\/wp-content\/uploads\/2024\/08\/logo-wit-sustainable-stories_900-300x142.png 300w, https:\/\/staging.sustainablestories.be\/wp-content\/uploads\/2024\/08\/logo-wit-sustainable-stories_900-768x363.png 768w, https:\/\/staging.sustainablestories.be\/wp-content\/uploads\/2024\/08\/logo-wit-sustainable-stories_900-18x9.png 18w\" sizes=\"(max-width: 900px) 100vw, 900px\"><\/div>\n\t<\/div><\/figure>\n\n<\/div><h1 class=\"bde-heading-1418-109 bde-heading font-body\">\nYoung Minds, Mighty Actions\n<\/h1><\/div>\n<\/section><section class=\"bde-section-1418-201 bde-section\">\n  \n\t\n\n\n\n<div class=\"section-container\"><div class=\"bde-post-loop-1418-202 bde-post-loop\">\n<div class=\"ee-posts ee-posts-\">    <article class=\"ee-post\">\n        <a class=\"bde-text-link-1646-100-751-1646-1 bde-text-link bde-text-link-1646-100 breakdance-link\" href=\"https:\/\/staging.sustainablestories.be\/fr\/produit\/doeboek-trol-wil-weer-lol-2\/\" target=\"_self\" data-type=\"url\">\n  Livre d'action - Troll a du bol\n\n<\/a>    <\/article>\n    <article class=\"ee-post\">\n        <a class=\"bde-text-link-1646-100-744-1646-1 bde-text-link bde-text-link-1646-100 breakdance-link\" href=\"https:\/\/staging.sustainablestories.be\/fr\/produit\/doeboek-een-dak-voor-slak-2\/\" target=\"_self\" data-type=\"url\">\n  Livre d'action - Un ch\u00e2teau pour Escargot\n\n<\/a>    <\/article>\n    <article class=\"ee-post\">\n        <a class=\"bde-text-link-1646-100-580-1646-1 bde-text-link bde-text-link-1646-100 breakdance-link\" href=\"https:\/\/staging.sustainablestories.be\/fr\/produit\/journal-sanglier-veut-etre-propre\/\" target=\"_self\" data-type=\"url\">\n  Livre d'action - Cochon veut \u00eatre mignon\n\n<\/a>    <\/article>\n    <article class=\"ee-post\">\n        <a class=\"bde-text-link-1646-100-524-1646-1 bde-text-link bde-text-link-1646-100 breakdance-link\" href=\"https:\/\/staging.sustainablestories.be\/fr\/produit\/livre-dactivites-papillon-le-courage-donne-de-leclat\/\" target=\"_self\" data-type=\"url\">\n  Livre d'action - Les lampions de Papillon\n\n<\/a>    <\/article>\n    <article class=\"ee-post\">\n        <a class=\"bde-text-link-1646-100-327-1646-1 bde-text-link bde-text-link-1646-100 breakdance-link\" href=\"https:\/\/staging.sustainablestories.be\/fr\/produit\/histoires-durables-crayons-de-couleur-preferes-de-kaatjes\/\" target=\"_self\" data-type=\"url\">\n  Sustainable Stories - crayons de couleur pr\u00e9f\u00e9r\u00e9s\n\n<\/a>    <\/article>\n    <article class=\"ee-post\">\n        <a class=\"bde-text-link-1646-100-323-1646-1 bde-text-link bde-text-link-1646-100 breakdance-link\" href=\"https:\/\/staging.sustainablestories.be\/fr\/produit\/totebag-dhistoires-durables\/\" target=\"_self\" data-type=\"url\">\n  Sustainable Stories - Totebag\n\n<\/a>    <\/article>\n<\/div>\n\n<\/div><\/div>\n<\/section>","protected":false},"excerpt":{"rendered":"<p>Young Minds, Mighty Actions Doeboek &#8211; Trol wil weer lol Doeboek &#8211; Een dak voor Slak Doeboek &#8211; Zwijn wil schoon zijn Doeboek &#8211; Vlinders moed geeft gloed Sustainable Stories &#8211; favoriete kleurpotloden Sustainable Stories Totebag<\/p>","protected":false},"author":3,"featured_media":0,"parent":0,"menu_order":0,"comment_status":"closed","ping_status":"closed","template":"","meta":{"_breakdance_hide_in_design_set":false,"_breakdance_tags":"","footnotes":""},"class_list":["post-1418","page","type-page","status-publish","hentry"],"_links":{"self":[{"href":"https:\/\/staging.sustainablestories.be\/fr\/wp-json\/wp\/v2\/pages\/1418"}],"collection":[{"href":"https:\/\/staging.sustainablestories.be\/fr\/wp-json\/wp\/v2\/pages"}],"about":[{"href":"https:\/\/staging.sustainablestories.be\/fr\/wp-json\/wp\/v2\/types\/page"}],"author":[{"embeddable":true,"href":"https:\/\/staging.sustainablestories.be\/fr\/wp-json\/wp\/v2\/users\/3"}],"replies":[{"embeddable":true,"href":"https:\/\/staging.sustainablestories.be\/fr\/wp-json\/wp\/v2\/comments?post=1418"}],"version-history":[{"count":12,"href":"https:\/\/staging.sustainablestories.be\/fr\/wp-json\/wp\/v2\/pages\/1418\/revisions"}],"predecessor-version":[{"id":1649,"href":"https:\/\/staging.sustainablestories.be\/fr\/wp-json\/wp\/v2\/pages\/1418\/revisions\/1649"}],"wp:attachment":[{"href":"https:\/\/staging.sustainablestories.be\/fr\/wp-json\/wp\/v2\/media?parent=1418"}],"curies":[{"name":"wp","href":"https:\/\/api.w.org\/{rel}","templated":true}]}}